{"id":20,"date":"2021-07-09T23:01:34","date_gmt":"2021-07-09T23:01:34","guid":{"rendered":"https:\/\/whiskyacademycr.com\/?page_id=20"},"modified":"2021-10-04T21:25:33","modified_gmt":"2021-10-04T21:25:33","slug":"scotch","status":"publish","type":"page","link":"https:\/\/whiskyacademycr.com\/?page_id=20","title":{"rendered":"Scotch"},"content":{"rendered":"<p>[et_pb_section fb_built=\u00bb1&#8243; custom_padding_last_edited=\u00bboff|desktop\u00bb admin_label=\u00bbHeader\u00bb _builder_version=\u00bb4.9.0&#8243; background_image=\u00bbhttps:\/\/whiskyacademycr.com\/wp-content\/uploads\/2021\/07\/pr-firm_24.jpg\u00bb custom_padding=\u00bb8vw||8vw||true|false\u00bb custom_padding_tablet=\u00bb||||false|false\u00bb custom_padding_phone=\u00bb||||false|false\u00bb][et_pb_row _builder_version=\u00bb4.9.0&#8243; max_width=\u00bb1200px\u00bb custom_padding=\u00bb4%|4%|4%|4%|true|true\u00bb border_color_all=\u00bb#1b123d\u00bb border_width_bottom=\u00bb8px\u00bb border_color_bottom=\u00bb#434345&#8243; border_width_left=\u00bb8px\u00bb border_color_left=\u00bb#434345&#8243;][et_pb_column type=\u00bb4_4&#8243; _builder_version=\u00bb4.9.0&#8243; custom_padding_tablet=\u00bb|||30px|false|false\u00bb custom_padding_last_edited=\u00bboff|desktop\u00bb][et_pb_text _builder_version=\u00bb4.9.0&#8243; text_font=\u00bb|600|||||||\u00bb text_font_size=\u00bb20px\u00bb text_line_height=\u00bb1.5em\u00bb header_font=\u00bbHeebo|900||on|||||\u00bb header_font_size=\u00bb110px\u00bb header_letter_spacing=\u00bb0.05em\u00bb header_line_height=\u00bb1.2em\u00bb header_2_font=\u00bbHeebo|700||on|||||\u00bb header_2_font_size=\u00bb24px\u00bb header_2_letter_spacing=\u00bb0.4em\u00bb header_2_line_height=\u00bb1.3em\u00bb background_layout=\u00bbdark\u00bb text_font_size_tablet=\u00bb18px\u00bb text_font_size_phone=\u00bb14px\u00bb text_font_size_last_edited=\u00bbon|tablet\u00bb header_font_size_tablet=\u00bb60px\u00bb header_font_size_phone=\u00bb30px\u00bb header_font_size_last_edited=\u00bbon|phone\u00bb header_2_font_size_tablet=\u00bb18px\u00bb header_2_font_size_phone=\u00bb14px\u00bb header_2_font_size_last_edited=\u00bbon|phone\u00bb locked=\u00bboff\u00bb]<\/p>\n<h2>Whisky academy costa rica<\/h2>\n<h1>Scotch whisky<\/h1>\n<p>Compartimos La Pasi\u00f3n del Whisky con Vos&#8230;<\/p>\n<p>[\/et_pb_text][\/et_pb_column][\/et_pb_row][et_pb_row custom_padding_last_edited=\u00bboff|tablet\u00bb _builder_version=\u00bb4.9.0&#8243; max_width=\u00bb1200px\u00bb custom_padding=\u00bb0px||4%||false|false\u00bb border_width_right=\u00bb8px\u00bb border_color_right=\u00bb#434345&#8243;][et_pb_column type=\u00bb4_4&#8243; _builder_version=\u00bb4.4.6&#8243;][et_pb_button button_text=\u00bbContactanos\u00bb button_alignment=\u00bbright\u00bb _builder_version=\u00bb4.9.0&#8243; custom_button=\u00bbon\u00bb button_text_size=\u00bb14px\u00bb button_text_color=\u00bb#ffffff\u00bb button_bg_color=\u00bb#434345&#8243; button_border_width=\u00bb0px\u00bb button_border_radius=\u00bb0px\u00bb button_letter_spacing=\u00bb5px\u00bb button_font=\u00bb|700||on|||||\u00bb custom_padding=\u00bb20px|30px|20px|30px|true|true\u00bb locked=\u00bboff\u00bb][\/et_pb_button][\/et_pb_column][\/et_pb_row][\/et_pb_section][et_pb_section fb_built=\u00bb1&#8243; make_equal=\u00bbon\u00bb use_custom_gutter=\u00bbon\u00bb gutter_width=\u00bb4&#8243; specialty=\u00bbon\u00bb admin_label=\u00bbMission\u00bb _builder_version=\u00bb4.9.0&#8243; inner_max_width=\u00bb1200px\u00bb][et_pb_column type=\u00bb1_2&#8243; specialty_columns=\u00bb2&#8243; _builder_version=\u00bb3.25&#8243; custom_padding=\u00bb|||\u00bb custom_padding__hover=\u00bb|||\u00bb][et_pb_row_inner column_structure=\u00bb1_2,1_2&#8243; use_custom_gutter=\u00bbon\u00bb gutter_width=\u00bb2&#8243; custom_padding_last_edited=\u00bbon|phone\u00bb _builder_version=\u00bb4.4.7&#8243; overflow-x=\u00bbvisible\u00bb overflow-y=\u00bbvisible\u00bb custom_margin=\u00bb||||false|false\u00bb custom_padding=\u00bb16%||16%|8%|true|false\u00bb custom_padding_tablet=\u00bb8%|4%|50px|4%|false|true\u00bb custom_padding_phone=\u00bb||30px||false|false\u00bb custom_css_main_element=\u00bboverflow: visible !important;\u00bb border_width_all=\u00bb8px\u00bb border_color_all=\u00bb#e7e8e8&#8243;][et_pb_column_inner type=\u00bb1_2&#8243; saved_specialty_column_type=\u00bb1_2&#8243; _builder_version=\u00bb4.4.7&#8243;][et_pb_image src=\u00bbhttps:\/\/whiskyacademycr.com\/wp-content\/uploads\/2021\/07\/logoschory-32.png\u00bb title_text=\u00bblogoschory-32&#8243; _builder_version=\u00bb4.9.0&#8243; width=\u00bb100%\u00bb max_width=\u00bb100%\u00bb module_alignment=\u00bbleft\u00bb custom_margin=\u00bb32px||||false|false\u00bb locked=\u00bboff\u00bb][\/et_pb_image][\/et_pb_column_inner][et_pb_column_inner type=\u00bb1_2&#8243; saved_specialty_column_type=\u00bb1_2&#8243; _builder_version=\u00bb4.4.7&#8243;][et_pb_image src=\u00bbhttps:\/\/whiskyacademycr.com\/wp-content\/uploads\/2021\/07\/Captura-de-Pantalla-2021-07-12-a-las-15.40.56.png\u00bb title_text=\u00bbCaptura de Pantalla 2021-07-12 a la(s) 15.40.56&#8243; _builder_version=\u00bb4.9.0&#8243; custom_margin=\u00bb|-18%|||false|false\u00bb custom_margin_tablet=\u00bb|-20px|||false|false\u00bb custom_margin_phone=\u00bb|-20px|||false|false\u00bb custom_margin_last_edited=\u00bbon|tablet\u00bb border_color_all=\u00bbrgba(0,0,0,0)\u00bb border_width_right=\u00bb20px\u00bb box_shadow_style=\u00bbpreset4&#8243; box_shadow_horizontal=\u00bb32px\u00bb box_shadow_vertical=\u00bb0px\u00bb box_shadow_color=\u00bb#f77e53&#8243; box_shadow_horizontal_tablet=\u00bb\u00bb box_shadow_horizontal_phone=\u00bb16px\u00bb box_shadow_horizontal_last_edited=\u00bbon|desktop\u00bb locked=\u00bboff\u00bb][\/et_pb_image][\/et_pb_column_inner][\/et_pb_row_inner][\/et_pb_column][et_pb_column type=\u00bb1_2&#8243; _builder_version=\u00bb3.25&#8243; custom_padding=\u00bb|||\u00bb custom_padding__hover=\u00bb|||\u00bb][et_pb_text _builder_version=\u00bb4.4.7&#8243; text_font_size=\u00bb16px\u00bb text_line_height=\u00bb2em\u00bb header_2_font=\u00bbHeebo|900||on|||||\u00bb header_2_font_size=\u00bb30px\u00bb header_2_letter_spacing=\u00bb1px\u00bb header_2_line_height=\u00bb1.3em\u00bb positioning=\u00bbabsolute\u00bb position_origin_a=\u00bbcenter_left\u00bb position_origin_a_tablet=\u00bb\u00bb position_origin_a_phone=\u00bb\u00bb position_origin_a_last_edited=\u00bbon|tablet\u00bb position_origin_f_tablet=\u00bb\u00bb position_origin_f_phone=\u00bb\u00bb position_origin_f_last_edited=\u00bbon|tablet\u00bb position_origin_r_tablet=\u00bb\u00bb position_origin_r_phone=\u00bb\u00bb position_origin_r_last_edited=\u00bbon|tablet\u00bb custom_padding=\u00bb||||false|false\u00bb custom_padding_tablet=\u00bb|||0px|false|false\u00bb custom_padding_last_edited=\u00bboff|desktop\u00bb text_font_size_tablet=\u00bb14px\u00bb text_font_size_phone=\u00bb\u00bb text_font_size_last_edited=\u00bbon|phone\u00bb header_2_font_size_tablet=\u00bb24px\u00bb header_2_font_size_phone=\u00bb20px\u00bb header_2_font_size_last_edited=\u00bbon|phone\u00bb positioning_tablet=\u00bbrelative\u00bb positioning_phone=\u00bb\u00bb positioning_last_edited=\u00bbon|tablet\u00bb locked=\u00bboff\u00bb]<\/p>\n<h2>Scotch whisky<\/h2>\n<p style=\"text-align: justify;\"><span style=\"color: #434345;\">Con m\u00e1s de 96 destiler\u00edas y 100 resultados diferentes de Whiskys, podemos decir que Escocia es la que domina el mundo del Whisky con sus 5 tipos de Whisky: Single Malt, Blended Malt, Single Grain, Blended Grain y el Blended Scotch Whisky.\u00a0<\/span>\u00bfSab\u00edan que hay destiler\u00edas vecinas, que con el mismo proceso\u00a0 obtienen resultados diferentes? La respuesta no la tenemos, pero se lo podemos atribuir a la magia de este lugar que tiene el don de hacer buen whisky&#8230;<\/p>\n<p>[\/et_pb_text][\/et_pb_column][\/et_pb_section][et_pb_section fb_built=\u00bb1&#8243; admin_label=\u00bbVideo\u00bb _builder_version=\u00bb4.4.7&#8243;][et_pb_row column_structure=\u00bb1_2,1_2&#8243; make_equal=\u00bbon\u00bb _builder_version=\u00bb4.9.0&#8243;][et_pb_column type=\u00bb1_2&#8243; _builder_version=\u00bb4.4.7&#8243;][et_pb_text _builder_version=\u00bb4.4.7&#8243; text_font_size=\u00bb16px\u00bb text_line_height=\u00bb2em\u00bb header_2_font=\u00bbHeebo|900||on|||||\u00bb header_2_font_size=\u00bb30px\u00bb header_2_letter_spacing=\u00bb1px\u00bb header_2_line_height=\u00bb1.3em\u00bb custom_padding=\u00bb||||false|false\u00bb custom_padding_tablet=\u00bb|||0px|false|false\u00bb custom_padding_last_edited=\u00bboff|desktop\u00bb text_font_size_tablet=\u00bb14px\u00bb text_font_size_phone=\u00bb\u00bb text_font_size_last_edited=\u00bbon|phone\u00bb header_2_font_size_tablet=\u00bb24px\u00bb header_2_font_size_phone=\u00bb20px\u00bb header_2_font_size_last_edited=\u00bbon|phone\u00bb locked=\u00bboff\u00bb]<\/p>\n<h2>\u00bfWhisky o whiskey?<\/h2>\n<p style=\"text-align: justify;\"><span style=\"color: #434345;\">\u00bfNunca te has preguntado si se escribe Whisky o Whiskey? Nos referimos con la palabra \u00abWhisky\u00bb al producto destilado en Escocia, pero cuando utilizamos la palabra Whiskey, hacemos referencia a productos destilados en otras partes del mundo como Estados Unidos e Irlanda. Cabe recalcar, que no hay ninguna restricci\u00f3n del uso de la palabra \u00abWhisky\u00bb o \u00abWhiskey\u00bb.\u00a0<\/span><\/p>\n<p style=\"text-align: justify;\">\n<p style=\"text-align: justify;\"><span style=\"color: #434345;\">Para ser un jugador profesional de f\u00fatbol americano tienes que cumplir con ciertos requisitos y para ser un Whisky de calidad tambi\u00e9n. Los requisitos para poder referirnos a un Whisky son: Por supuesto ser destilado en Escocia, tener un m\u00ednimo de 3 a\u00f1os de a\u00f1ejamiento, un m\u00ednimos de 40% de Alcohol por Vol\u00famen (ABV) y como si fuera poco, debe de ser a\u00f1ejado en barriles de roble (Oak) previamente utilizados para a\u00f1ejar Bourbon, Jerez, Porto, Madeira, Ron, Tequila y Vino.<\/span><\/p>\n<p style=\"text-align: justify;\">\n<p style=\"text-align: justify;\"><span style=\"color: #434345;\">Aprende m\u00e1s del proceso del whisky en los siguientes enlaces:<\/span><\/p>\n<p>[\/et_pb_text][et_pb_button button_text=\u00bbAprende M\u00e1s: Filtrado en Fr\u00edo\u00bb _builder_version=\u00bb4.9.0&#8243; _module_preset=\u00bbdefault\u00bb custom_button=\u00bbon\u00bb button_text_color=\u00bb#E09900&#8243; hover_enabled=\u00bb0&#8243; button_url=\u00bbhttps:\/\/whiskyacademycr.com\/?page_id=370&#8243; sticky_enabled=\u00bb0&#8243;][\/et_pb_button][et_pb_button button_url=\u00bbhttps:\/\/whiskyacademycr.com\/?page_id=372&#8243; button_text=\u00bbAprende M\u00e1s: Madera y A\u00f1ejamiento\u00bb _builder_version=\u00bb4.9.0&#8243; _module_preset=\u00bbdefault\u00bb custom_button=\u00bbon\u00bb button_text_color=\u00bb#E09900&#8243;][\/et_pb_button][\/et_pb_column][et_pb_column type=\u00bb1_2&#8243; _builder_version=\u00bb4.9.0&#8243;][et_pb_video src=\u00bbhttps:\/\/www.youtube.com\/watch?v=oOcRjCcq3G8&#8243; _builder_version=\u00bb4.9.0&#8243; _module_preset=\u00bbdefault\u00bb][\/et_pb_video][\/et_pb_column][\/et_pb_row][\/et_pb_section][et_pb_section fb_built=\u00bb1&#8243; fullwidth=\u00bbon\u00bb _builder_version=\u00bb4.9.0&#8243; _module_preset=\u00bbdefault\u00bb][et_pb_fullwidth_image src=\u00bbdata:image\/svg+xml;base64,PHN2ZyB3aWR0aD0iMTA4MCIgaGVpZ2h0PSI1NDAiIHZpZXdCb3g9IjAgMCAxMDgwIDU0MCIgeG1sbnM9Imh0dHA6Ly93d3cudzMub3JnLzIwMDAvc3ZnIj4KICAgIDxnIGZpbGw9Im5vbmUiIGZpbGwtcnVsZT0iZXZlbm9kZCI+CiAgICAgICAgPHBhdGggZmlsbD0iI0VCRUJFQiIgZD0iTTAgMGgxMDgwdjU0MEgweiIvPgogICAgICAgIDxwYXRoIGQ9Ik00NDUuNjQ5IDU0MGgtOTguOTk1TDE0NC42NDkgMzM3Ljk5NSAwIDQ4Mi42NDR2LTk4Ljk5NWwxMTYuMzY1LTExNi4zNjVjMTUuNjItMTUuNjIgNDAuOTQ3LTE1LjYyIDU2LjU2OCAwTDQ0NS42NSA1NDB6IiBmaWxsLW9wYWNpdHk9Ii4xIiBmaWxsPSIjMDAwIiBmaWxsLXJ1bGU9Im5vbnplcm8iLz4KICAgICAgICA8Y2lyY2xlIGZpbGwtb3BhY2l0eT0iLjA1IiBmaWxsPSIjMDAwIiBjeD0iMzMxIiBjeT0iMTQ4IiByPSI3MCIvPgogICAgICAgIDxwYXRoIGQ9Ik0xMDgwIDM3OXYxMTMuMTM3TDcyOC4xNjIgMTQwLjMgMzI4LjQ2MiA1NDBIMjE1LjMyNEw2OTkuODc4IDU1LjQ0NmMxNS42Mi0xNS42MiA0MC45NDgtMTUuNjIgNTYuNTY4IDBMMTA4MCAzNzl6IiBmaWxsLW9wYWNpdHk9Ii4yIiBmaWxsPSIjMDAwIiBmaWxsLXJ1bGU9Im5vbnplcm8iLz4KICAgIDwvZz4KPC9zdmc+Cg==\u00bb _builder_version=\u00bb4.9.0&#8243; _module_preset=\u00bbdefault\u00bb][\/et_pb_fullwidth_image][\/et_pb_section][et_pb_section fb_built=\u00bb1&#8243; custom_padding_last_edited=\u00bboff|desktop\u00bb admin_label=\u00bbFooter\u00bb _builder_version=\u00bb4.9.0&#8243; background_color=\u00bb#434345&#8243; background_color_gradient_direction=\u00bb90deg\u00bb custom_padding=\u00bb6vw||6vw||true|false\u00bb custom_padding_tablet=\u00bb60px||60px||true|false\u00bb custom_padding_phone=\u00bb40px||40px||true|false\u00bb background_last_edited=\u00bboff|phone\u00bb border_color_all=\u00bbrgba(0,0,0,0)\u00bb border_width_right=\u00bb5vw\u00bb border_color_right=\u00bb#FFFFFF\u00bb box_shadow_style=\u00bbpreset7&#8243; box_shadow_horizontal=\u00bb-4vw\u00bb box_shadow_vertical=\u00bb0px\u00bb box_shadow_color=\u00bb#ffffff\u00bb box_shadow_horizontal_last_edited=\u00bboff|phone\u00bb locked=\u00bboff\u00bb][et_pb_row column_structure=\u00bb1_4,1_4,1_4,1_4&#8243; use_custom_gutter=\u00bbon\u00bb gutter_width=\u00bb2&#8243; _builder_version=\u00bb4.4.7&#8243;][et_pb_column type=\u00bb1_4&#8243; _builder_version=\u00bb4.4.6&#8243;][et_pb_text _builder_version=\u00bb4.9.0&#8243; text_text_color=\u00bb#c17d12&#8243; text_font_size=\u00bb16px\u00bb text_line_height=\u00bb2em\u00bb header_6_font=\u00bbHeebo|700||on|||||\u00bb header_6_text_color=\u00bb#c17d12&#8243; header_6_letter_spacing=\u00bb3px\u00bb header_6_line_height=\u00bb2em\u00bb background_layout=\u00bbdark\u00bb text_font_size_tablet=\u00bb\u00bb text_font_size_phone=\u00bb14px\u00bb text_font_size_last_edited=\u00bbon|phone\u00bb locked=\u00bboff\u00bb]<\/p>\n<h6><span color=\"#ffffff\" style=\"color: #ffffff;\">direcci\u00f3n<\/span><\/h6>\n<p><span color=\"#ffffff\" style=\"color: #ffffff;\">San Jos\u00e9, Costa Rica.<\/span><\/p>\n<p>[\/et_pb_text][\/et_pb_column][et_pb_column type=\u00bb1_4&#8243; _builder_version=\u00bb4.4.6&#8243;][et_pb_text _builder_version=\u00bb4.9.0&#8243; text_text_color=\u00bb#c17d12&#8243; text_font_size=\u00bb16px\u00bb text_line_height=\u00bb2em\u00bb header_6_font=\u00bbHeebo|700||on|||||\u00bb header_6_text_color=\u00bb#c17d12&#8243; header_6_letter_spacing=\u00bb3px\u00bb header_6_line_height=\u00bb2em\u00bb background_layout=\u00bbdark\u00bb text_font_size_tablet=\u00bb\u00bb text_font_size_phone=\u00bb14px\u00bb text_font_size_last_edited=\u00bbon|phone\u00bb locked=\u00bboff\u00bb]<\/p>\n<h6><span color=\"#ffffff\" style=\"color: #ffffff;\">tel\u00e9fono<\/span><\/h6>\n<p><span style=\"color: #ffffff;\">8387-5102<\/span><\/p>\n<p>[\/et_pb_text][\/et_pb_column][et_pb_column type=\u00bb1_4&#8243; _builder_version=\u00bb4.4.6&#8243;][et_pb_text _builder_version=\u00bb4.9.0&#8243; text_text_color=\u00bbrgba(255,255,255,0.7)\u00bb text_line_height=\u00bb2em\u00bb link_text_color=\u00bb#ffffff\u00bb link_font_size=\u00bb16px\u00bb link_line_height=\u00bb2em\u00bb header_6_font=\u00bbHeebo|700||on|||||\u00bb header_6_text_color=\u00bb#c17d12&#8243; header_6_letter_spacing=\u00bb3px\u00bb header_6_line_height=\u00bb2em\u00bb background_layout=\u00bbdark\u00bb link_font_size_tablet=\u00bb\u00bb link_font_size_phone=\u00bb14px\u00bb link_font_size_last_edited=\u00bbon|phone\u00bb link_text_shadow_style=\u00bbpreset5&#8243; locked=\u00bboff\u00bb]<\/p>\n<h6><span color=\"#ffffff\" style=\"color: #ffffff;\">correo electr\u00f3nico<\/span><\/h6>\n<p><span style=\"color: #ffffff;\"><a href=\"#\" style=\"color: #ffffff;\">info@whiskyacademycr.com<\/a><\/span><\/p>\n<p>[\/et_pb_text][\/et_pb_column][et_pb_column type=\u00bb1_4&#8243; _builder_version=\u00bb4.4.6&#8243;][et_pb_text _builder_version=\u00bb4.9.0&#8243; text_text_color=\u00bb#ffffff\u00bb text_line_height=\u00bb2em\u00bb header_6_font=\u00bbHeebo|700||on|||||\u00bb header_6_text_color=\u00bb#c17d12&#8243; header_6_letter_spacing=\u00bb3px\u00bb header_6_line_height=\u00bb2em\u00bb background_layout=\u00bbdark\u00bb custom_margin=\u00bb||0px||false|false\u00bb locked=\u00bboff\u00bb]<\/p>\n<h6><span style=\"color: #ffffff;\">Follow Us<\/span><\/h6>\n<p>[\/et_pb_text][et_pb_social_media_follow icon_color=\u00bb#ffffff\u00bb use_icon_font_size=\u00bbon\u00bb icon_font_size_tablet=\u00bb25px\u00bb icon_font_size_phone=\u00bb20px\u00bb icon_font_size_last_edited=\u00bboff|desktop\u00bb _builder_version=\u00bb4.9.0&#8243; background_enable_color=\u00bboff\u00bb border_radii=\u00bbon|100px|100px|100px|100px\u00bb locked=\u00bboff\u00bb][et_pb_social_media_follow_network social_network=\u00bbfacebook\u00bb url=\u00bbhttps:\/\/www.facebook.com\/whiskyacademycr\/?ref=page_internal\u00bb _builder_version=\u00bb4.9.0&#8243; _module_preset=\u00bbdefault\u00bb background_color=\u00bb#3b5998&#8243; follow_button=\u00bboff\u00bb url_new_window=\u00bbon\u00bb]facebook[\/et_pb_social_media_follow_network][et_pb_social_media_follow_network social_network=\u00bbinstagram\u00bb url=\u00bbhttps:\/\/www.instagram.com\/whiskyacademycr\/?hl=es\u00bb _builder_version=\u00bb4.9.0&#8243; _module_preset=\u00bbdefault\u00bb background_color=\u00bb#ea2c59&#8243; follow_button=\u00bboff\u00bb url_new_window=\u00bbon\u00bb]instagram[\/et_pb_social_media_follow_network][\/et_pb_social_media_follow][\/et_pb_column][\/et_pb_row][\/et_pb_section]<\/p>\n","protected":false},"excerpt":{"rendered":"<p>Whisky academy costa rica Scotch whisky Compartimos La Pasi\u00f3n del Whisky con Vos&#8230;Scotch whisky Con m\u00e1s de 96 destiler\u00edas y 100 resultados diferentes de Whiskys, podemos decir que Escocia es la que domina el mundo del Whisky con sus 5 tipos de Whisky: Single Malt, Blended Malt, Single Grain, Blended Grain y el Blended Scotch [&hellip;]<\/p>\n","protected":false},"author":1,"featured_media":0,"parent":0,"menu_order":0,"comment_status":"closed","ping_status":"closed","template":"","meta":{"_et_pb_use_builder":"on","_et_pb_old_content":"<!-- wp:divi\/placeholder \/-->","_et_gb_content_width":"","footnotes":""},"class_list":["post-20","page","type-page","status-publish","hentry"],"_links":{"self":[{"href":"https:\/\/whiskyacademycr.com\/index.php?rest_route=\/wp\/v2\/pages\/20","targetHints":{"allow":["GET"]}}],"collection":[{"href":"https:\/\/whiskyacademycr.com\/index.php?rest_route=\/wp\/v2\/pages"}],"about":[{"href":"https:\/\/whiskyacademycr.com\/index.php?rest_route=\/wp\/v2\/types\/page"}],"author":[{"embeddable":true,"href":"https:\/\/whiskyacademycr.com\/index.php?rest_route=\/wp\/v2\/users\/1"}],"replies":[{"embeddable":true,"href":"https:\/\/whiskyacademycr.com\/index.php?rest_route=%2Fwp%2Fv2%2Fcomments&post=20"}],"version-history":[{"count":17,"href":"https:\/\/whiskyacademycr.com\/index.php?rest_route=\/wp\/v2\/pages\/20\/revisions"}],"predecessor-version":[{"id":395,"href":"https:\/\/whiskyacademycr.com\/index.php?rest_route=\/wp\/v2\/pages\/20\/revisions\/395"}],"wp:attachment":[{"href":"https:\/\/whiskyacademycr.com\/index.php?rest_route=%2Fwp%2Fv2%2Fmedia&parent=20"}],"curies":[{"name":"wp","href":"https:\/\/api.w.org\/{rel}","templated":true}]}}